{"id":225429,"date":"2023-04-03T10:25:53","date_gmt":"2023-04-03T07:25:53","guid":{"rendered":"https:\/\/sprutcam.com\/obter-uma-cotacao\/"},"modified":"2024-05-17T16:00:30","modified_gmt":"2024-05-17T13:00:30","slug":"get-a-quote","status":"publish","type":"page","link":"https:\/\/sprutcam.com\/pt-br\/get-a-quote\/","title":{"rendered":"Obter uma cota\u00e7\u00e3o"},"content":{"rendered":"<div class=\"fusion-fullwidth fullwidth-box fusion-builder-row-1 fusion-flex-container has-pattern-background has-mask-background nonhundred-percent-fullwidth non-hundred-percent-height-scrolling\" style=\"--awb-border-radius-top-left:0px;--awb-border-radius-top-right:0px;--awb-border-radius-bottom-right:0px;--awb-border-radius-bottom-left:0px;--awb-padding-top:60px;--awb-padding-bottom:60px;--awb-background-color:var(--awb-custom_color_5);--awb-flex-wrap:wrap;\" ><div class=\"awb-background-mask\" style=\"background-image:  url(https:\/\/cdn.sprutcam.com\/wp-content\/uploads\/2023\/04\/Get-a-quote-grad.svg);opacity: 1 ;transform: scale(1, 1);mix-blend-mode:normal;\"><\/div><div class=\"fusion-builder-row fusion-row fusion-flex-align-items-flex-start fusion-flex-justify-content-center fusion-flex-content-wrap\" style=\"max-width:1248px;margin-left: calc(-4% \/ 2 );margin-right: calc(-4% \/ 2 );\"><div class=\"fusion-layout-column fusion_builder_column fusion-builder-column-0 fusion_builder_column_1_2 1_2 fusion-flex-column\" style=\"--awb-bg-size:cover;--awb-width-large:50%;--awb-margin-top-large:50px;--awb-spacing-right-large:3.84%;--awb-margin-bottom-large:50px;--awb-spacing-left-large:3.84%;--awb-width-medium:60%;--awb-order-medium:0;--awb-spacing-right-medium:3.2%;--awb-spacing-left-medium:3.2%;--awb-width-small:100%;--awb-order-small:0;--awb-spacing-right-small:1.92%;--awb-spacing-left-small:1.92%;\"><div class=\"fusion-column-wrapper fusion-column-has-shadow fusion-flex-justify-content-flex-start fusion-content-layout-column\"><div class=\"fusion-menu-anchor\" id=\"form\"><\/div><div class=\"fusion-title title fusion-title-1 fusion-sep-none fusion-title-center fusion-title-text fusion-title-size-one\" style=\"--awb-text-color:var(--awb-color1);--awb-margin-bottom:10px;\"><h1 class=\"fusion-title-heading title-heading-center fusion-responsive-typography-calculated\" style=\"margin:0;text-transform:none;--fontSize:40;line-height:1.25;\">Obter uma cota\u00e7\u00e3o<\/h1><\/div><div class=\"fusion-text fusion-text-1 fusion-text-no-margin\" style=\"--awb-content-alignment:center;--awb-font-size:var(--awb-custom_typography_10-font-size);--awb-line-height:var(--awb-custom_typography_10-line-height);--awb-letter-spacing:var(--awb-custom_typography_10-letter-spacing);--awb-text-transform:var(--awb-custom_typography_10-text-transform);--awb-text-color:var(--awb-color1);--awb-margin-right:20%;--awb-margin-bottom:60px;--awb-margin-left:20%;--awb-text-font-family:var(--awb-custom_typography_10-font-family);--awb-text-font-weight:var(--awb-custom_typography_10-font-weight);--awb-text-font-style:var(--awb-custom_typography_10-font-style);\"><p>Envie este formul\u00e1rio para receber uma cota\u00e7\u00e3o de SprutCAM X or SprutCAM X Robot<\/p>\n<\/div>\n<div class=\"wpcf7 no-js\" id=\"wpcf7-f170275-o1\" lang=\"en-US\" dir=\"ltr\" data-wpcf7-id=\"170275\">\n<div class=\"screen-reader-response\"><p role=\"status\" aria-live=\"polite\" aria-atomic=\"true\"><\/p> <ul><\/ul><\/div>\n<form action=\"\/pt-br\/wp-json\/wp\/v2\/pages\/225429#wpcf7-f170275-o1\" method=\"post\" class=\"wpcf7-form init\" aria-label=\"Contact form\" novalidate=\"novalidate\" data-status=\"init\">\n<div style=\"display: none;\">\n<input type=\"hidden\" name=\"_wpcf7\" value=\"170275\" \/>\n<input type=\"hidden\" name=\"_wpcf7_version\" value=\"6.0.6\" \/>\n<input type=\"hidden\" name=\"_wpcf7_locale\" value=\"en_US\" \/>\n<input type=\"hidden\" name=\"_wpcf7_unit_tag\" value=\"wpcf7-f170275-o1\" \/>\n<input type=\"hidden\" name=\"_wpcf7_container_post\" value=\"0\" \/>\n<input type=\"hidden\" name=\"_wpcf7_posted_data_hash\" value=\"\" \/>\n<input type=\"hidden\" name=\"_wpcf7cf_hidden_group_fields\" value=\"[]\" \/>\n<input type=\"hidden\" name=\"_wpcf7cf_hidden_groups\" value=\"[]\" \/>\n<input type=\"hidden\" name=\"_wpcf7cf_visible_groups\" value=\"[]\" \/>\n<input type=\"hidden\" name=\"_wpcf7cf_repeaters\" value=\"[]\" \/>\n<input type=\"hidden\" name=\"_wpcf7cf_steps\" value=\"{}\" \/>\n<input type=\"hidden\" name=\"_wpcf7cf_options\" value=\"{&quot;form_id&quot;:170275,&quot;conditions&quot;:[{&quot;then_field&quot;:&quot;\\u0441ompany&quot;,&quot;and_rules&quot;:[{&quot;if_field&quot;:&quot;radio-431&quot;,&quot;operator&quot;:&quot;equals&quot;,&quot;if_value&quot;:&quot;Organization&quot;}]}],&quot;settings&quot;:{&quot;animation&quot;:&quot;yes&quot;,&quot;animation_intime&quot;:200,&quot;animation_outtime&quot;:200,&quot;conditions_ui&quot;:&quot;normal&quot;,&quot;notice_dismissed&quot;:false,&quot;notice_dismissed_rollback-cf7-5.9.4&quot;:true}}\" \/>\n<input type=\"hidden\" name=\"upload_dir\" value=\"2026-04-04-02-42-13\" \/>\n<input type=\"hidden\" name=\"generate_name\" value=\"04-04-26-69d0f91689225\" \/>\n<input type=\"hidden\" name=\"_wpcf7_post_id\" value=\"225429\" \/>\n<\/div>\n<div class=\"uacf7-form-wrapper-container uacf7-form-170275  \"><div class=\"custom-style-cf7\">\n\n<div style=\"margin: 10px 0px 10px 0px;\">\n<div style=\"margin-bottom: 4px;\">\n<label>Please select an enquiry option:<\/label>\n<\/div>\n<span class=\"wpcf7-form-control-wrap\" data-name=\"radio-431\"><span class=\"wpcf7-form-control wpcf7-radio form-with-custom-checkboxes-radios\"><span class=\"wpcf7-list-item first\"><label><input type=\"radio\" name=\"radio-431\" value=\"Organization\" checked=\"checked\" \/><span class=\"wpcf7-list-item-label\">Organization<\/span><\/label><\/span><span class=\"wpcf7-list-item last\"><label><input type=\"radio\" name=\"radio-431\" value=\"Individual\" \/><span class=\"wpcf7-list-item-label\">Individual<\/span><\/label><\/span><\/span><\/span>\n<\/div>\n\n<div data-id=\"\u0441ompany\" data-orig_data_id=\"\u0441ompany\"  data-class=\"wpcf7cf_group\">\n<div class=\"\">\n<label>Organization*<\/label>\n<span class=\"wpcf7-form-control-wrap\" data-name=\"your-company\"><input size=\"40\" maxlength=\"400\" class=\"wpcf7-form-control wpcf7-text wpcf7-validates-as-required\" id=\"sc-form-input\" aria-required=\"true\" aria-invalid=\"false\" value=\"\" type=\"text\" name=\"your-company\" \/><\/span>\n<\/div>\n<\/div>\n\n\n<div class=\"custom-width-50\">\n<p class=\"gq-cf-2\"><label id:sc-form-label class=\"gq-cf-2\">First Name*<\/label>\n<span class=\"wpcf7-form-control-wrap\" data-name=\"first-name\"><input size=\"40\" maxlength=\"400\" class=\"wpcf7-form-control wpcf7-text wpcf7-validates-as-required\" aria-required=\"true\" aria-invalid=\"false\" value=\"\" type=\"text\" name=\"first-name\" \/><\/span><\/p>\n<\/div>\n<div class=\"custom-width-50\">\n<p class=\"gq-cf-2\"><label id:sc-form-label class=\"gq-cf-2\">Last Name*<\/label>\n<span class=\"wpcf7-form-control-wrap\" data-name=\"last-name\"><input size=\"40\" maxlength=\"400\" class=\"wpcf7-form-control wpcf7-text wpcf7-validates-as-required\" aria-required=\"true\" aria-invalid=\"false\" value=\"\" type=\"text\" name=\"last-name\" \/><\/span><\/p>\n<\/div>\n\n<div class=\"custom-width-50\">\n<p class=\"gq-cf-2\"><label class=\"gq-cf-2\">Your Email*<\/label>\n<span class=\"wpcf7-form-control-wrap\" data-name=\"your-email\"><input size=\"40\" maxlength=\"400\" class=\"wpcf7-form-control wpcf7-email wpcf7-validates-as-required wpcf7-text wpcf7-validates-as-email\" aria-required=\"true\" aria-invalid=\"false\" value=\"\" type=\"email\" name=\"your-email\" \/><\/span><\/p>\n<\/div>\n\n<div class=\"custom-width-50\">\n<p class=\"gq-cf-2\"><label class=\"gq-cf-2\">Your phone*<\/label>\n<span class=\"wpcf7-form-control-wrap\" data-name=\"tel\"><input size=\"40\" minlength=\"9\" class=\"wpcf7-form-control wpcf7-phonetext wpcf7-validates-as-required wpcf7-text wpcf7-validates-as-phonetext\" id=\"sc-form-input-country-and-phone\" aria-required=\"true\" aria-invalid=\"false\" value=\"\" type=\"text\" name=\"tel\" \/><input type=\"hidden\" name=\"tel-country-code\" class=\"wpcf7-phonetext-country-code\" \/><\/span><\/p>\n<\/div>\n\n<div style=\"colorcolor: #fff !important;\">\n<p class=\"gq-cf-2\"><label class=\"gq-cf-2\">Choose your country\/region*<\/label>\n<span class=\"wpcf7-form-control-wrap\" data-name=\"country\"><input size=\"40\" class=\"wpcf7-form-control wpcf7-countrytext wpcf7-validates-as-required wpcf7-text wpcf7-validates-as-countrytext\" readonly=\"readonly\" aria-required=\"true\" aria-invalid=\"false\" value=\"\" type=\"text\" name=\"country\" \/><\/span><\/p>\n<\/div>\n\n<div style=\"margin: 13px 0px 36px 0px;\">\n<div style=\"margin-bottom: 4px;\">\n<label>Specify your industry focus<\/label>\n<\/div>\n<span class=\"wpcf7-form-control-wrap\" data-name=\"radio-430\"><span class=\"wpcf7-form-control wpcf7-radio form-with-custom-checkboxes-radios\"><span class=\"wpcf7-list-item first\"><label><input type=\"radio\" name=\"radio-430\" value=\"CNC machines\" checked=\"checked\" \/><span class=\"wpcf7-list-item-label\">CNC machines<\/span><\/label><\/span><span class=\"wpcf7-list-item\"><label><input type=\"radio\" name=\"radio-430\" value=\"Industrial robots\" \/><span class=\"wpcf7-list-item-label\">Industrial robots<\/span><\/label><\/span><span class=\"wpcf7-list-item\"><label><input type=\"radio\" name=\"radio-430\" value=\"Both\" \/><span class=\"wpcf7-list-item-label\">Both<\/span><\/label><\/span><span class=\"wpcf7-list-item last\"><label><input type=\"radio\" name=\"radio-430\" value=\"Other (specify in message)\" \/><span class=\"wpcf7-list-item-label\">Other (specify in message)<\/span><\/label><\/span><\/span><\/span>\n<\/div>\n\n\n<div><label class=\"gq-cf-2\">Message<\/label>\n<span class=\"wpcf7-form-control-wrap\" data-name=\"your-message\"><textarea cols=\"40\" rows=\"3\" maxlength=\"2000\" class=\"wpcf7-form-control wpcf7-textarea\" id=\"sc-form-message\" aria-invalid=\"false\" name=\"your-message\"><\/textarea><\/span><\/div>\n\n<div class=\"gq-cf-2\"><span class=\"wpcf7-form-control-wrap\" data-name=\"privacy-policy-accept\"><span class=\"wpcf7-form-control wpcf7-acceptance\"><span class=\"wpcf7-list-item\"><label><input type=\"checkbox\" name=\"privacy-policy-accept\" value=\"1\" checked=\"checked\" aria-invalid=\"false\" \/><span class=\"wpcf7-list-item-label\">I accept <a href=\"https:\/\/sprutcam.com\/privacy-policy\/\">privacy policy<\/a>*<\/span><\/label><\/span><\/span><\/span><\/div>\n\n<div class=\"gq-cf-2\"><span class=\"wpcf7-form-control-wrap\" data-name=\"emails-acceptance\"><span class=\"wpcf7-form-control wpcf7-acceptance optional\"><span class=\"wpcf7-list-item\"><label><input type=\"checkbox\" name=\"emails-acceptance\" value=\"1\" checked=\"checked\" aria-invalid=\"false\" \/><span class=\"wpcf7-list-item-label\">I would like to receive emails about SprutCAM X product updates, events, and news<\/span><\/label><\/span><\/span><\/span><\/div>\n<div><div class=\"cf7-cf-turnstile\" style=\"margin-top: 0px; margin-bottom: -15px;\"> <div id=\"cf-turnstile-cf7-2976802257\" class=\"cf-turnstile\" data-sitekey=\"0x4AAAAAAAyt5kiO52-OlYkW\" data-theme=\"light\" data-language=\"auto\" data-size=\"flexible\" data-retry=\"auto\" data-retry-interval=\"1000\" data-action=\"contact-form-7\" data-appearance=\"always\"><\/div> <script>document.addEventListener(\"DOMContentLoaded\", function() { setTimeout(function(){ var e=document.getElementById(\"cf-turnstile-cf7-2976802257\"); e&&!e.innerHTML.trim()&&(turnstile.remove(\"#cf-turnstile-cf7-2976802257\"), turnstile.render(\"#cf-turnstile-cf7-2976802257\", {sitekey:\"0x4AAAAAAAyt5kiO52-OlYkW\"})); }, 0); });<\/script> <br class=\"cf-turnstile-br cf-turnstile-br-cf7-2976802257\"> <style>#cf-turnstile-cf7-2976802257 { margin-left: -15px; }<\/style> <script>document.addEventListener(\"DOMContentLoaded\",function(){document.querySelectorAll('.wpcf7-form').forEach(function(e){e.addEventListener('submit',function(){if(document.getElementById('cf-turnstile-cf7-2976802257')){setTimeout(function(){turnstile.reset('#cf-turnstile-cf7-2976802257');},1000)}})})});<\/script> <\/div><\/div> \n<div style=\"margin-top: 20px;\">\n<p class=\"gq-cf-2\"><input class=\"wpcf7-form-control wpcf7-submit has-spinner gq-cf-2\" type=\"submit\" value=\"Submit\" \/><\/p>\n<\/div>\n\n\t\t<span class=\"wpcf7-form-control-wrap uacf7_dynamic_text-353\"\n\t\t\tdata-name=\"uacf7_dynamic_text-353\">\n\n\t\t\t<input id=\"uacf7_uacf7_dynamic_text-353\" class=\"wpcf7-form-control wpcf7-uacf7_dynamic_text\" aria-invalid=\"false\" name=\"uacf7_dynamic_text-353\" size=\"40\" type=\"hidden\" value=\"Get a quote\">\n\t\t\t<span><\/span>\n\t\t<\/span>\n\t\t\n<\/div>\n<span class=\"wpcf7-form-control-wrap\" data-name=\"site-name-field\"><input size=\"40\" maxlength=\"400\" class=\"wpcf7-form-control wpcf7-text site-name-field\" aria-invalid=\"false\" value=\"SprutCAM X\" type=\"text\" name=\"site-name-field\" \/><\/span>\n<span class=\"wpcf7-form-control-wrap\" data-name=\"city\"><input size=\"40\" maxlength=\"400\" class=\"wpcf7-form-control wpcf7-text city-field\" id=\"city\" aria-invalid=\"false\" value=\"\" type=\"text\" name=\"city\" \/><\/span>\n<span class=\"wpcf7-form-control-wrap\" data-name=\"country_code\"><input size=\"40\" maxlength=\"400\" class=\"wpcf7-form-control wpcf7-text country_code\" id=\"country_code\" aria-invalid=\"false\" value=\"\" type=\"text\" name=\"country_code\" \/><\/span>\n<style>.site-name-field{display:none;}<\/style>\n<div>\n   <input class=\"wpcf7-form-control wpcf7-utm_source_cf7\" name=\"utm_source_cf7-95\" type=\"hidden\" value=\"\" \/>\n   <input class=\"wpcf7-form-control wpcf7-utm_medium_cf7\" name=\"utm_medium_cf7-722\" type=\"hidden\" value=\"\" \/>\n   <input class=\"wpcf7-form-control wpcf7-utm_term_cf7\" name=\"utm_term_cf7-311\" type=\"hidden\" value=\"\" \/>\n   <input class=\"wpcf7-form-control wpcf7-utm_content_cf7\" name=\"utm_content_cf7-399\" type=\"hidden\" value=\"\" \/>\n   <input class=\"wpcf7-form-control wpcf7-utm_campaign_cf7\" name=\"utm_campaign_cf7-256\" type=\"hidden\" value=\"\" \/>\n\n\n   <input class=\"wpcf7-form-control wpcf7-first_utm_source_cf7\" name=\"first_utm_source_cf7-146\" type=\"hidden\" value=\"\" \/>\n   <input class=\"wpcf7-form-control wpcf7-first_traffic_source_cf7\" name=\"first_traffic_source_cf7-258\" type=\"hidden\" value=\"\" \/>\n   <input class=\"wpcf7-form-control wpcf7-first_utm_medium_cf7\" name=\"first_utm_medium_cf7-92\" type=\"hidden\" value=\"\" \/>\n   <input class=\"wpcf7-form-control wpcf7-first_utm_term_cf7\" name=\"first_utm_term_cf7-926\" type=\"hidden\" value=\"\" \/>\n   <input class=\"wpcf7-form-control wpcf7-first_utm_content_cf7\" name=\"first_utm_content_cf7-203\" type=\"hidden\" value=\"\" \/>\n   <input class=\"wpcf7-form-control wpcf7-first_utm_campaign_cf7\" name=\"first_utm_campaign_cf7-986\" type=\"hidden\" value=\"\" \/>\n   \n   <input class=\"wpcf7-form-control wpcf7-fbclid_cf7\" name=\"fbclid_cf7-787\" type=\"hidden\" value=\"\" \/>\n   <input class=\"wpcf7-form-control wpcf7-msclkid_cf7\" name=\"msclkid_cf7-224\" type=\"hidden\" value=\"\" \/>\n   <input class=\"wpcf7-form-control wpcf7-gclid_cf7\" name=\"gclid_cf7-531\" type=\"hidden\" value=\"\" \/>\n   <input class=\"wpcf7-form-control wpcf7-gaclientid_cf7\" name=\"gaclientid_cf7-800\" type=\"hidden\" value=\"\" \/>\n   <input class=\"wpcf7-form-control wpcf7-hidden\" value=\"\" type=\"hidden\" name=\"handlID_cf7\" \/>\n\n   <input class=\"wpcf7-form-control wpcf7-handl_original_ref_cf7\" name=\"handl_original_ref_cf7-869\" type=\"hidden\" value=\"https:\/\/sprutcam.com\/cs\/spinogy-x30-f-sk30\" \/>\n   <input class=\"wpcf7-form-control wpcf7-handl_ip_cf7\" name=\"handl_ip_cf7-793\" type=\"hidden\" value=\"216.73.216.163\" \/>\n   <input class=\"wpcf7-form-control wpcf7-handl_ref_cf7\" name=\"handl_ref_cf7-625\" type=\"hidden\" value=\"https:\/\/sprutcam.com\/cs\/spinogy-x30-f-sk30\" \/>\n   <input class=\"wpcf7-form-control wpcf7-handl_url_cf7\" name=\"handl_url_cf7-363\" type=\"hidden\" value=\"https:\/\/sprutcam.com\/pt-br\/wp-json\/wp\/v2\/pages\/225429\" \/>\n   <input class=\"wpcf7-form-control wpcf7-handl_ref_domain_cf7\" name=\"handl_ref_domain_cf7-940\" type=\"hidden\" value=\"\" \/>\n   <input class=\"wpcf7-form-control wpcf7-handl_url_base_cf7\" name=\"handl_url_base_cf7-778\" type=\"hidden\" value=\"https:\/\/sprutcam.com\/pt-br\/wp-json\/wp\/v2\/pages\/225429\" \/>\n   \n   <input class=\"wpcf7-form-control wpcf7-organic_source_cf7\" name=\"organic_source_cf7-835\" type=\"hidden\" value=\"https:\/\/sprutcam.com\/cs\/spinogy-x30-f-sk30\" \/>\n   <input class=\"wpcf7-form-control wpcf7-organic_source_str_cf7\" name=\"organic_source_str_cf7-300\" type=\"hidden\" value=\"Internal\" \/>\n   <input class=\"wpcf7-form-control wpcf7-traffic_source_cf7\" name=\"traffic_source_cf7-645\" type=\"hidden\" value=\"\" \/>\n\n   <input class=\"wpcf7-form-control wpcf7-handl_landing_page_cf7\" name=\"handl_landing_page_cf7-750\" type=\"hidden\" value=\"https:\/\/sprutcam.com\/cs\/spinogy-x30-f-sk30\" \/>\n   <input class=\"wpcf7-form-control wpcf7-handl_landing_page_base_cf7\" name=\"handl_landing_page_base_cf7-453\" type=\"hidden\" value=\"\" \/>\n   <input class=\"wpcf7-form-control wpcf7-user_agent_cf7\" name=\"user_agent_cf7-243\" type=\"hidden\" value=\"Mozilla\/5.0 AppleWebKit\/537.36 (KHTML, like Gecko; compatible; ClaudeBot\/1.0; +claudebot@anthropic.com)\" \/>\n<\/div><\/div><div class=\"fusion-alert alert custom alert-custom fusion-alert-center wpcf7-response-output awb-alert-native-link-color alert-dismissable awb-alert-close-boxed\" style=\"--awb-border-size:1px;--awb-border-top-left-radius:0px;--awb-border-top-right-radius:0px;--awb-border-bottom-left-radius:0px;--awb-border-bottom-right-radius:0px;\" role=\"alert\"><div class=\"fusion-alert-content-wrapper\"><span class=\"fusion-alert-content\"><\/span><\/div><button type=\"button\" class=\"close toggle-alert\" data-dismiss=\"alert\" aria-label=\"Close\">&times;<\/button><\/div>\n<\/form>\n<\/div>\n<\/div><\/div><\/div><\/div>\n","protected":false},"excerpt":{"rendered":"","protected":false},"author":50636,"featured_media":225431,"parent":0,"menu_order":0,"comment_status":"closed","ping_status":"closed","template":"100-width.php","meta":{"_acf_changed":false,"footnotes":""},"class_list":["post-225429","page","type-page","status-publish","has-post-thumbnail","hentry"],"acf":[],"_links":{"self":[{"href":"https:\/\/sprutcam.com\/pt-br\/wp-json\/wp\/v2\/pages\/225429","targetHints":{"allow":["GET"]}}],"collection":[{"href":"https:\/\/sprutcam.com\/pt-br\/wp-json\/wp\/v2\/pages"}],"about":[{"href":"https:\/\/sprutcam.com\/pt-br\/wp-json\/wp\/v2\/types\/page"}],"author":[{"embeddable":true,"href":"https:\/\/sprutcam.com\/pt-br\/wp-json\/wp\/v2\/users\/50636"}],"replies":[{"embeddable":true,"href":"https:\/\/sprutcam.com\/pt-br\/wp-json\/wp\/v2\/comments?post=225429"}],"version-history":[{"count":5,"href":"https:\/\/sprutcam.com\/pt-br\/wp-json\/wp\/v2\/pages\/225429\/revisions"}],"predecessor-version":[{"id":265783,"href":"https:\/\/sprutcam.com\/pt-br\/wp-json\/wp\/v2\/pages\/225429\/revisions\/265783"}],"wp:featuredmedia":[{"embeddable":true,"href":"https:\/\/sprutcam.com\/pt-br\/wp-json\/wp\/v2\/media\/225431"}],"wp:attachment":[{"href":"https:\/\/sprutcam.com\/pt-br\/wp-json\/wp\/v2\/media?parent=225429"}],"curies":[{"name":"wp","href":"https:\/\/api.w.org\/{rel}","templated":true}]}}