{"id":225229,"date":"2023-07-18T11:36:37","date_gmt":"2023-07-18T08:36:37","guid":{"rendered":"https:\/\/sprutcam.com\/opublikowac-zdarzenie\/"},"modified":"2024-05-14T14:56:53","modified_gmt":"2024-05-14T11:56:53","slug":"publish-an-event","status":"publish","type":"page","link":"https:\/\/sprutcam.com\/pl\/publish-an-event\/","title":{"rendered":"Opublikowa\u0107 zdarzenie"},"content":{"rendered":"<p><div class=\"fusion-fullwidth fullwidth-box fusion-builder-row-1 fusion-flex-container has-pattern-background has-mask-background top-margin-cont nonhundred-percent-fullwidth hundred-percent-height hundred-percent-height-center-content non-hundred-percent-height-scrolling\" style=\"--awb-border-radius-top-left:0px;--awb-border-radius-top-right:0px;--awb-border-radius-bottom-right:0px;--awb-border-radius-bottom-left:0px;--awb-margin-bottom:0px;--awb-flex-wrap:wrap;\" ><div class=\"fusion-builder-row fusion-row fusion-flex-align-items-center fusion-flex-align-content-center fusion-flex-justify-content-center fusion-flex-content-wrap\" style=\"max-width:1248px;margin-left: calc(-4% \/ 2 );margin-right: calc(-4% \/ 2 );\"><div class=\"fusion-layout-column fusion_builder_column fusion-builder-column-0 fusion_builder_column_1_1 1_1 fusion-flex-column\" style=\"--awb-bg-size:cover;--awb-width-large:100%;--awb-margin-top-large:30px;--awb-spacing-right-large:1.92%;--awb-margin-bottom-large:60px;--awb-spacing-left-large:1.92%;--awb-width-medium:100%;--awb-order-medium:0;--awb-spacing-right-medium:1.92%;--awb-spacing-left-medium:1.92%;--awb-width-small:100%;--awb-order-small:0;--awb-spacing-right-small:1.92%;--awb-spacing-left-small:1.92%;\"><div class=\"fusion-column-wrapper fusion-column-has-shadow fusion-flex-justify-content-flex-start fusion-content-layout-column\"><div class=\"fusion-title title fusion-title-1 fusion-sep-none fusion-title-center fusion-title-text fusion-title-size-one\"><h1 class=\"fusion-title-heading title-heading-center fusion-responsive-typography-calculated\" style=\"margin:0;--fontSize:40;line-height:1.25;\">Ta strona jest przeznaczona wy\u0142\u0105cznie dla dealer\u00f3w SprutCAM X<\/h1><\/div><\/div><\/div><div class=\"fusion-layout-column fusion_builder_column fusion-builder-column-1 fusion_builder_column_1_2 1_2 fusion-flex-column\" style=\"--awb-bg-size:cover;--awb-width-large:50%;--awb-margin-top-large:0px;--awb-spacing-right-large:3.84%;--awb-margin-bottom-large:20px;--awb-spacing-left-large:3.84%;--awb-width-medium:100%;--awb-order-medium:0;--awb-spacing-right-medium:1.92%;--awb-spacing-left-medium:1.92%;--awb-width-small:100%;--awb-order-small:0;--awb-spacing-right-small:1.92%;--awb-spacing-left-small:1.92%;\"><div class=\"fusion-column-wrapper fusion-column-has-shadow fusion-flex-justify-content-space-evenly fusion-content-layout-row\"><div style=\"text-align:center;\"><a class=\"fusion-button button-flat fusion-button-default-size button-default fusion-button-default button-1 fusion-button-default-span fusion-button-default-type\" style=\"--button_padding-right:43px;--button_padding-left:43px;\" target=\"_self\" href=\"https:\/\/sprutcam.com\/pl\/sprut-id-sign-in\/\"><span class=\"fusion-button-text\">Prosz\u0119 si\u0119 zalogowa\u0107<\/span><\/a><\/div><div style=\"text-align:center;\"><a class=\"fusion-button button-flat fusion-button-default-size button-default fusion-button-default button-2 fusion-button-default-span fusion-button-default-type\" target=\"_self\" href=\"\/\"><span class=\"fusion-button-text\">Strona g\u0142\u00f3wna<\/span><\/a><\/div><\/div><\/div><\/div><\/div><\/p>\n","protected":false},"excerpt":{"rendered":"","protected":false},"author":58735,"featured_media":0,"parent":0,"menu_order":0,"comment_status":"closed","ping_status":"closed","template":"100-width.php","meta":{"_acf_changed":false,"footnotes":""},"tags":[3106],"class_list":["post-225229","page","type-page","status-publish","hentry","tag-non-translatable-lead-tag-pl"],"acf":[],"_links":{"self":[{"href":"https:\/\/sprutcam.com\/pl\/wp-json\/wp\/v2\/pages\/225229","targetHints":{"allow":["GET"]}}],"collection":[{"href":"https:\/\/sprutcam.com\/pl\/wp-json\/wp\/v2\/pages"}],"about":[{"href":"https:\/\/sprutcam.com\/pl\/wp-json\/wp\/v2\/types\/page"}],"author":[{"embeddable":true,"href":"https:\/\/sprutcam.com\/pl\/wp-json\/wp\/v2\/users\/58735"}],"replies":[{"embeddable":true,"href":"https:\/\/sprutcam.com\/pl\/wp-json\/wp\/v2\/comments?post=225229"}],"version-history":[{"count":5,"href":"https:\/\/sprutcam.com\/pl\/wp-json\/wp\/v2\/pages\/225229\/revisions"}],"predecessor-version":[{"id":260662,"href":"https:\/\/sprutcam.com\/pl\/wp-json\/wp\/v2\/pages\/225229\/revisions\/260662"}],"wp:attachment":[{"href":"https:\/\/sprutcam.com\/pl\/wp-json\/wp\/v2\/media?parent=225229"}],"wp:term":[{"taxonomy":"post_tag","embeddable":true,"href":"https:\/\/sprutcam.com\/pl\/wp-json\/wp\/v2\/tags?post=225229"}],"curies":[{"name":"wp","href":"https:\/\/api.w.org\/{rel}","templated":true}]}}