{"id":220350,"date":"2022-12-22T15:16:00","date_gmt":"2022-12-22T13:16:00","guid":{"rendered":"https:\/\/sprutcam.com\/sprutcam-x-wiederverkaeufer-akademie\/"},"modified":"2024-05-14T10:26:42","modified_gmt":"2024-05-14T07:26:42","slug":"sprutcam-x-reseller-academy","status":"publish","type":"page","link":"https:\/\/sprutcam.com\/de\/sprutcam-x-reseller-academy\/","title":{"rendered":"SprutCAM X Wiederverk\u00e4ufer-Akademie"},"content":{"rendered":"<p><div class=\"fusion-fullwidth fullwidth-box fusion-builder-row-1 fusion-flex-container has-pattern-background has-mask-background nonhundred-percent-fullwidth non-hundred-percent-height-scrolling\" style=\"--awb-border-radius-top-left:0px;--awb-border-radius-top-right:0px;--awb-border-radius-bottom-right:0px;--awb-border-radius-bottom-left:0px;--awb-padding-bottom:0px;--awb-margin-top:40px;--awb-flex-wrap:wrap;\" ><div class=\"fusion-builder-row fusion-row fusion-flex-align-items-flex-start fusion-flex-content-wrap\" style=\"max-width:1248px;margin-left: calc(-4% \/ 2 );margin-right: calc(-4% \/ 2 );\"><div class=\"fusion-layout-column fusion_builder_column fusion-builder-column-0 fusion_builder_column_1_2 1_2 fusion-flex-column\" style=\"--awb-padding-bottom:50px;--awb-bg-size:cover;--awb-width-large:50%;--awb-margin-top-large:0px;--awb-spacing-right-large:3.84%;--awb-margin-bottom-large:20px;--awb-spacing-left-large:3.84%;--awb-width-medium:100%;--awb-order-medium:0;--awb-spacing-right-medium:1.92%;--awb-spacing-left-medium:1.92%;--awb-width-small:100%;--awb-order-small:0;--awb-spacing-right-small:1.92%;--awb-spacing-left-small:1.92%;\"><div class=\"fusion-column-wrapper fusion-column-has-shadow fusion-flex-justify-content-flex-start fusion-content-layout-column\"><div class=\"fusion-title title fusion-title-1 fusion-sep-none fusion-title-text fusion-title-size-one\"><h1 class=\"fusion-title-heading title-heading-left fusion-responsive-typography-calculated\" style=\"margin:0;--fontSize:40;line-height:1.25;\">Hallo,<\/h1><\/div><div class=\"fusion-text fusion-text-1\"><p>Sie sind dabei, sich in den Teil der Website einzuloggen, der nur f\u00fcr autorisierte SprutCAM X H\u00e4ndler zug\u00e4nglich ist.<\/p>\n<p>Melden Sie sich an oder <a class=\"c-link\" href=\"https:\/\/sprutcam.com\/wp-login.php?action=logout&amp;_wpnonce=79febb238d\" target=\"_blank\" rel=\"noopener noreferrer\" data-stringify-link=\"https:\/\/sprutcam.com\/wp-login.php?action=logout&amp;_wpnonce=79febb238d\" data-sk=\"tooltip_parent\" data-remove-tab-index=\"true\">verwenden Sie ein anderes Konto<\/a>.<\/p>\n<p>Wenn Sie bereits unser Partner sind, aber noch kein Konto haben, informieren Sie uns bitte \u00fcber <a class=\"c-link\" href=\"mailto:info@sprutcam.com\" target=\"_blank\" rel=\"noopener noreferrer\" data-stringify-link=\"mailto:info@sprutcam.com\" data-sk=\"tooltip_parent\" data-remove-tab-index=\"true\">info@sprutcam.com<\/a><\/p>\n<\/div><div ><a class=\"fusion-button button-flat fusion-button-default-size button-custom fusion-button-default button-1 fusion-button-default-span fusion-button-default-type\" style=\"--button_accent_color:var(--awb-color1);--button_accent_hover_color:var(--awb-color7);--button_border_hover_color:var(--awb-color7);--button_border_width-top:2px;--button_border_width-right:2px;--button_border_width-bottom:2px;--button_border_width-left:2px;--button_gradient_top_color:var(--awb-color7);--button_gradient_bottom_color:var(--awb-color7);--button_gradient_top_color_hover:var(--awb-custom_color_9);--button_gradient_bottom_color_hover:var(--awb-custom_color_9);--button_text_transform:var(--awb-custom_typography_10-text-transform);--button_font_size:var(--awb-custom_typography_10-font-size);--button_line_height:var(--awb-custom_typography_10-line-height);--button_typography-letter-spacing:var(--awb-custom_typography_10-letter-spacing);--button_typography-font-family:var(--awb-custom_typography_10-font-family);--button_typography-font-weight:var(--awb-custom_typography_10-font-weight);--button_typography-font-style:var(--awb-custom_typography_10-font-style);--button_margin-top:50px;--button_margin-right:20px;\" target=\"_self\" href=\"\/\"><span class=\"fusion-button-text\">Hauptseite<\/span><\/a><\/div><\/div><\/div><div class=\"fusion-layout-column fusion_builder_column fusion-builder-column-1 fusion_builder_column_1_2 1_2 fusion-flex-column\" style=\"--awb-bg-size:cover;--awb-width-large:50%;--awb-margin-top-large:0px;--awb-spacing-right-large:3.84%;--awb-margin-bottom-large:20px;--awb-spacing-left-large:3.84%;--awb-width-medium:100%;--awb-order-medium:0;--awb-spacing-right-medium:1.92%;--awb-spacing-left-medium:1.92%;--awb-width-small:100%;--awb-order-small:0;--awb-spacing-right-small:1.92%;--awb-spacing-left-small:1.92%;\"><div class=\"fusion-column-wrapper fusion-column-has-shadow fusion-flex-justify-content-flex-start fusion-content-layout-column\">[user_registration_my_account redirect_url=\"https:\/\/sprutcam.com\/sprutcam-x-reseller-academy\/\"]<\/div><\/div><\/div><\/div><\/p>\n","protected":false},"excerpt":{"rendered":"","protected":false},"author":1,"featured_media":0,"parent":0,"menu_order":0,"comment_status":"closed","ping_status":"closed","template":"100-width.php","meta":{"_acf_changed":false,"footnotes":""},"tags":[],"class_list":["post-220350","page","type-page","status-publish","hentry"],"acf":[],"_links":{"self":[{"href":"https:\/\/sprutcam.com\/de\/wp-json\/wp\/v2\/pages\/220350","targetHints":{"allow":["GET"]}}],"collection":[{"href":"https:\/\/sprutcam.com\/de\/wp-json\/wp\/v2\/pages"}],"about":[{"href":"https:\/\/sprutcam.com\/de\/wp-json\/wp\/v2\/types\/page"}],"author":[{"embeddable":true,"href":"https:\/\/sprutcam.com\/de\/wp-json\/wp\/v2\/users\/1"}],"replies":[{"embeddable":true,"href":"https:\/\/sprutcam.com\/de\/wp-json\/wp\/v2\/comments?post=220350"}],"version-history":[{"count":5,"href":"https:\/\/sprutcam.com\/de\/wp-json\/wp\/v2\/pages\/220350\/revisions"}],"predecessor-version":[{"id":257365,"href":"https:\/\/sprutcam.com\/de\/wp-json\/wp\/v2\/pages\/220350\/revisions\/257365"}],"wp:attachment":[{"href":"https:\/\/sprutcam.com\/de\/wp-json\/wp\/v2\/media?parent=220350"}],"wp:term":[{"taxonomy":"post_tag","embeddable":true,"href":"https:\/\/sprutcam.com\/de\/wp-json\/wp\/v2\/tags?post=220350"}],"curies":[{"name":"wp","href":"https:\/\/api.w.org\/{rel}","templated":true}]}}